{"id":817,"date":"2020-05-25T17:01:32","date_gmt":"2020-05-25T17:01:32","guid":{"rendered":"https:\/\/develop.in.rs\/uslovi-koriscenja\/"},"modified":"2020-08-07T14:33:48","modified_gmt":"2020-08-07T14:33:48","slug":"terms-of-use","status":"publish","type":"page","link":"https:\/\/javacoffee.rs\/en\/terms-of-use\/","title":{"rendered":"Terms of use"},"content":{"rendered":"<p class=\"p2\"><span class=\"s1\"><em>Sadr\u017eaj Internet stranice www.javacoffee.rs je vlasni\u0161tvo preduze\u0107a\u00a0 JAVA COFFEE d.o.o, Andre Nikolica br.7 Beograd, Srbija. Upotrebom Internet stranice www.javacoffee.rs korisnici prihvataju objavljene op\u0161te uslove poslovanja. JAVA COFFEE d.o.o i korisnici s op\u0161tim uslovima ugovaraju me\u0111usobne obaveze pri kupovini u Internet prodavnici www.javacoffee.rs<\/em><\/span><\/p>\n<p class=\"p3\"><span class=\"s1\"><em>Op\u0161ti uslovi prodaje su sastavljeni u skladu sa zakonom Srbije.<\/em><\/span><\/p>\n<p class=\"p3\"><span class=\"s1\"><em>JAVA COFFEE d.o.o zadr\u017eava pravo izmene op\u0161tih uslova na Internet stranici www.javacoffee.rs bilo kada i bez prethodnog obave\u0161tenja. Sve promene op\u0161tih uslova su za korisnike obavezuju\u0107e.<\/em><\/span><\/p>\n<p class=\"p4\"><span class=\"s1\">ZA\u0160TITA PRIVATNOSTI KORISNIKA<\/span><\/p>\n<p class=\"p3\"><span class=\"s1\"><em>\u201eU ime JAVA COFFEE d.o.o obavezujemo se da \u0107emo \u010duvati privatnost svih na\u0161ih kupaca. Prikupljamo samo neophodne, osnovne podatke o kupcima\/ korisnicima i podatke neophodne za poslovanje i informisanje korisnika u skladu sa dobrim poslovnim obi\u010dajima i u cilju pru\u017eanja kvalitetne usluge. Dajemo kupcima mogu\u0107nost izbora uklju\u010duju\u0107i mogu\u0107nost odluke da li \u017eele ili ne da se izbri\u0161u sa mailing lista koje se koriste za marketin\u0161ke kampanje. Svi podaci o korisnicima\/kupcima se strogo \u010duvaju i dostupni su samo zaposlenima kojima su ti podaci nu\u017eni za obavljanje posla. Svi zaposleni JAVA COFFEE d.o.o odgovorni su za po\u0161tovanje na\u010dela za\u0161tite privatnosti.\u201c<\/em><\/span><\/p>\n<p class=\"p6\"><span class=\"s1\">DOSTAVA ROBE I EVENTUALNA OGRANIC\u030cENJA<\/span><\/p>\n<p class=\"p3\"><span class=\"s1\"><em>JAVA COFFEE d.o.o se obavezuje da \u0107e kupljenu robu u roku od jednog radnog dana predati kurirskoj slu\u017ebi koja je zadu\u017eena za dostavu. Predvi\u0111eno ukupno vreme za dostavu robe Kupcu na adresu koju je uneo u procesu kupovine je najvi\u0161e 6 radnih dana, bez obzira na destinaciju u Srbiji (naj\u010de\u0161\u0107e roba stigne na adresu kupca za 2 do 3 dana).<\/em><\/span><\/p>\n<p class=\"p3\"><span class=\"s1\"><em>Ukoliko Kupac unese pogre\u0161ne li\u010dne podatke ili podatke o adresi prebivali\u0161ta (adresa za isporuku robe) prilikom procesa kupovine, JAVA COFFEE d.o.o ne snosi odgovornost za neisporu\u010divanje robe. U tom slu\u010daju JAVA COFFEE d.o.o \u0107e poku\u0161ati da kontaktira Kupca i isporu\u010di robu na novo utvr\u0111enu adresu uz naplatu dodatnih tro\u0161kova za dostavu, a u slu\u010daju da ne uspe, Kupac se tereti za interne tro\u0161kove u visini od 300,00 dinara.<\/em><\/span><\/p>\n<p class=\"p3\"><span class=\"s1\"><em>Ukoliko postoje nejasno\u0107e u vezi unetih li\u010dnih podataka ili odabranih proizvoda, JAVA COFFEE d.o.o \u0107e pre slanja robe kontatktirati Kupca telefonom ili mailom. U slu\u010daju da je kupac nedostupan ili ne odgovori na mail ovo mo\u017ee prouzrokovati produ\u017eenje roka dostave za koji JAVA COFFEE d.o.o ne mo\u017ee preuzeti odgovornost.<\/em><\/span><\/p>\n<p class=\"p3\"><span class=\"s1\"><em>Rokovi za isporuku robe mogu biti produ\u017eeni ukoliko Kupac zatra\u017ei posebnu doradu na odabranom proizvodu. Kupac \u0107e o tome biti unapred obave\u0161ten.<\/em><\/span><\/p>\n<p class=\"p3\"><span class=\"s1\"><em>Ukoliko Kupac ne \u017eeli da preuzme kupljenu robu, isti se tereti za nastale manipulativne tro\u0161kove u visini od 300,00 dinara.<\/em><\/span><\/p>\n<p class=\"p3\">Cena isporuke za porudzbine preko 5.000,00 din je besplatna, za porudzbine ispod 5000,00 dostava se napla\u0107uje po cenovniku post expressa.<\/p>\n<p class=\"p3\"><span class=\"s1\"><em>Nakon obavljene kupovine, a pre isporuke na ku\u0107nu adresu, specifikacija izabranih proizvoda se ne mo\u017ee menjati.<\/em><\/span><\/p>\n<p class=\"p3\"><span class=\"s1\"><em>Kupac je u mogu\u0107nosti nakon kupovine da se informi\u0161e o statusu iste na internetu ili na telefone +381 (0) 60 55 55 225<br \/>\ni +381 (0) 62 81 31 102.<\/em><\/span><\/p>\n<p>&nbsp;<\/p>\n<p class=\"p4\"><span class=\"s1\">ZA\u0160TITA PRIVATNOSTI<\/span><\/p>\n<p class=\"p2\"><span class=\"s1\"><em>Podaci koje korisnik upisuje putem obrazca na stranici www.javacoffee.rs ili na neki drugi na\u010din (preko e-maila, telefona i dr.), su poverljivi i \u0161titimo ih u skladu sa zakonskim odredbama. Li\u010dni podaci \u0107e biti upotrebljeni samo za namene za koje je korisnik dao svoju saglasnost. Za za\u0161titu li\u010dnih podataka je odgovoran i sam korisnik, na na\u010din da osigura svoje korisni\u010dko ime i lozinku.<br \/>\n<\/em><a href=\"http:\/\/www.javacoffee.rs\"><span class=\"s2\"><em>www.javacoffee.<\/em><\/span><\/a><em>rs za prenos svih li\u010dnih podataka korisnika koristi tehnologiju SSL (Secure Socket Layer), kojom se kodiraju sve informacije poslate sa porud\u017ebenicom.<\/em><\/span><\/p>\n<p class=\"p3\"><span class=\"s1\"><em>Li\u010dne podatke korisnika www.javacoffee.rs \u0107e \u010duvati i spre\u010davati svaku njihovu zloupotrebu. Korisnik bilo kada mo\u017ee zamoliti za upoznavanje sa li\u010dnim podacima koje operater obra\u0111uje, njihovo ograni\u010davanje, brisanje, ispravljanje ili prenos podataka.<\/em><\/span><\/p>\n<p>&nbsp;<\/p>\n<p class=\"p1\">REKLAMACIJE I POVRA\u0106AJ ROBE<\/p>\n<p class=\"p1\"><span class=\"s1\">U slu\u010daju da imate bilo kakvu reklamaciju na proizvod ili na\u0161u uslugu, molimo Vas da nas kontaktirate. <i>U najkra\u0107em mogu\u0107em roku \u0107emo obraditi Va\u0161 zahtev i odreagovati u skladu sa nastalom situacijom.<\/i><\/span><\/p>\n<p class=\"p1\"><span class=\"s1\">Uslovi i postupak reklamacije utvr\u0111eni su u skladu sa Zakonom o trgovini i Zakonom o za\u0161titi potro\u0161a\u010da.<\/span><\/p>\n","protected":false},"excerpt":{"rendered":"<p>Sadr\u017eaj Internet stranice www.javacoffee.rs je vlasni\u0161tvo preduze\u0107a\u00a0 JAVA COFFEE d.o.o, Andre Nikolica br.7 Beograd, Srbija. Upotrebom Internet stranice www.javacoffee.rs korisnici prihvataju objavljene op\u0161te uslove poslovanja. JAVA COFFEE d.o.o i korisnici s op\u0161tim uslovima ugovaraju me\u0111usobne obaveze pri kupovini u Internet prodavnici www.javacoffee.rs Op\u0161ti uslovi prodaje su sastavljeni u skladu sa zakonom Srbije. JAVA COFFEE d.o.o [&hellip;]<\/p>\n","protected":false},"author":1,"featured_media":0,"parent":0,"menu_order":0,"comment_status":"closed","ping_status":"closed","template":"","meta":{"_acf_changed":false,"footnotes":""},"class_list":["post-817","page","type-page","status-publish","hentry"],"acf":[],"yoast_head":"<!-- This site is optimized with the Yoast SEO plugin v26.8 - https:\/\/yoast.com\/product\/yoast-seo-wordpress\/ -->\n<title>Terms of use - Java Coffee<\/title>\n<meta name=\"robots\" content=\"index, follow, max-snippet:-1, max-image-preview:large, max-video-preview:-1\" \/>\n<link rel=\"canonical\" href=\"https:\/\/javacoffee.rs\/uslovi-koriscenja\/\" \/>\n<meta property=\"og:locale\" content=\"en_US\" \/>\n<meta property=\"og:type\" content=\"article\" \/>\n<meta property=\"og:title\" content=\"Terms of use - Java Coffee\" \/>\n<meta property=\"og:description\" content=\"Sadr\u017eaj Internet stranice www.javacoffee.rs je vlasni\u0161tvo preduze\u0107a\u00a0 JAVA COFFEE d.o.o, Andre Nikolica br.7 Beograd, Srbija. Upotrebom Internet stranice www.javacoffee.rs korisnici prihvataju objavljene op\u0161te uslove poslovanja. JAVA COFFEE d.o.o i korisnici s op\u0161tim uslovima ugovaraju me\u0111usobne obaveze pri kupovini u Internet prodavnici www.javacoffee.rs Op\u0161ti uslovi prodaje su sastavljeni u skladu sa zakonom Srbije. JAVA COFFEE d.o.o [&hellip;]\" \/>\n<meta property=\"og:url\" content=\"https:\/\/javacoffee.rs\/uslovi-koriscenja\/\" \/>\n<meta property=\"og:site_name\" content=\"Java Coffee\" \/>\n<meta property=\"article:modified_time\" content=\"2020-08-07T14:33:48+00:00\" \/>\n<meta name=\"twitter:card\" content=\"summary_large_image\" \/>\n<meta name=\"twitter:label1\" content=\"Est. reading time\" \/>\n\t<meta name=\"twitter:data1\" content=\"4 minutes\" \/>\n<script type=\"application\/ld+json\" class=\"yoast-schema-graph\">{\"@context\":\"https:\/\/schema.org\",\"@graph\":[{\"@type\":\"WebPage\",\"@id\":\"https:\/\/javacoffee.rs\/uslovi-koriscenja\/\",\"url\":\"https:\/\/javacoffee.rs\/uslovi-koriscenja\/\",\"name\":\"Terms of use - Java Coffee\",\"isPartOf\":{\"@id\":\"https:\/\/javacoffee.rs\/#website\"},\"datePublished\":\"2020-05-25T17:01:32+00:00\",\"dateModified\":\"2020-08-07T14:33:48+00:00\",\"breadcrumb\":{\"@id\":\"https:\/\/javacoffee.rs\/uslovi-koriscenja\/#breadcrumb\"},\"inLanguage\":\"en-US\",\"potentialAction\":[{\"@type\":\"ReadAction\",\"target\":[\"https:\/\/javacoffee.rs\/uslovi-koriscenja\/\"]}]},{\"@type\":\"BreadcrumbList\",\"@id\":\"https:\/\/javacoffee.rs\/uslovi-koriscenja\/#breadcrumb\",\"itemListElement\":[{\"@type\":\"ListItem\",\"position\":1,\"name\":\"Po\u010detna\",\"item\":\"https:\/\/javacoffee.rs\/\"},{\"@type\":\"ListItem\",\"position\":2,\"name\":\"Terms of use\"}]},{\"@type\":\"WebSite\",\"@id\":\"https:\/\/javacoffee.rs\/#website\",\"url\":\"https:\/\/javacoffee.rs\/\",\"name\":\"Java Coffee\",\"description\":\"Veleprodaja kafe, \u010dajeva i opreme\",\"potentialAction\":[{\"@type\":\"SearchAction\",\"target\":{\"@type\":\"EntryPoint\",\"urlTemplate\":\"https:\/\/javacoffee.rs\/?s={search_term_string}\"},\"query-input\":{\"@type\":\"PropertyValueSpecification\",\"valueRequired\":true,\"valueName\":\"search_term_string\"}}],\"inLanguage\":\"en-US\"}]}<\/script>\n<!-- \/ Yoast SEO plugin. -->","yoast_head_json":{"title":"Terms of use - Java Coffee","robots":{"index":"index","follow":"follow","max-snippet":"max-snippet:-1","max-image-preview":"max-image-preview:large","max-video-preview":"max-video-preview:-1"},"canonical":"https:\/\/javacoffee.rs\/uslovi-koriscenja\/","og_locale":"en_US","og_type":"article","og_title":"Terms of use - Java Coffee","og_description":"Sadr\u017eaj Internet stranice www.javacoffee.rs je vlasni\u0161tvo preduze\u0107a\u00a0 JAVA COFFEE d.o.o, Andre Nikolica br.7 Beograd, Srbija. Upotrebom Internet stranice www.javacoffee.rs korisnici prihvataju objavljene op\u0161te uslove poslovanja. JAVA COFFEE d.o.o i korisnici s op\u0161tim uslovima ugovaraju me\u0111usobne obaveze pri kupovini u Internet prodavnici www.javacoffee.rs Op\u0161ti uslovi prodaje su sastavljeni u skladu sa zakonom Srbije. JAVA COFFEE d.o.o [&hellip;]","og_url":"https:\/\/javacoffee.rs\/uslovi-koriscenja\/","og_site_name":"Java Coffee","article_modified_time":"2020-08-07T14:33:48+00:00","twitter_card":"summary_large_image","twitter_misc":{"Est. reading time":"4 minutes"},"schema":{"@context":"https:\/\/schema.org","@graph":[{"@type":"WebPage","@id":"https:\/\/javacoffee.rs\/uslovi-koriscenja\/","url":"https:\/\/javacoffee.rs\/uslovi-koriscenja\/","name":"Terms of use - Java Coffee","isPartOf":{"@id":"https:\/\/javacoffee.rs\/#website"},"datePublished":"2020-05-25T17:01:32+00:00","dateModified":"2020-08-07T14:33:48+00:00","breadcrumb":{"@id":"https:\/\/javacoffee.rs\/uslovi-koriscenja\/#breadcrumb"},"inLanguage":"en-US","potentialAction":[{"@type":"ReadAction","target":["https:\/\/javacoffee.rs\/uslovi-koriscenja\/"]}]},{"@type":"BreadcrumbList","@id":"https:\/\/javacoffee.rs\/uslovi-koriscenja\/#breadcrumb","itemListElement":[{"@type":"ListItem","position":1,"name":"Po\u010detna","item":"https:\/\/javacoffee.rs\/"},{"@type":"ListItem","position":2,"name":"Terms of use"}]},{"@type":"WebSite","@id":"https:\/\/javacoffee.rs\/#website","url":"https:\/\/javacoffee.rs\/","name":"Java Coffee","description":"Veleprodaja kafe, \u010dajeva i opreme","potentialAction":[{"@type":"SearchAction","target":{"@type":"EntryPoint","urlTemplate":"https:\/\/javacoffee.rs\/?s={search_term_string}"},"query-input":{"@type":"PropertyValueSpecification","valueRequired":true,"valueName":"search_term_string"}}],"inLanguage":"en-US"}]}},"_links":{"self":[{"href":"https:\/\/javacoffee.rs\/en\/wp-json\/wp\/v2\/pages\/817","targetHints":{"allow":["GET"]}}],"collection":[{"href":"https:\/\/javacoffee.rs\/en\/wp-json\/wp\/v2\/pages"}],"about":[{"href":"https:\/\/javacoffee.rs\/en\/wp-json\/wp\/v2\/types\/page"}],"author":[{"embeddable":true,"href":"https:\/\/javacoffee.rs\/en\/wp-json\/wp\/v2\/users\/1"}],"replies":[{"embeddable":true,"href":"https:\/\/javacoffee.rs\/en\/wp-json\/wp\/v2\/comments?post=817"}],"version-history":[{"count":2,"href":"https:\/\/javacoffee.rs\/en\/wp-json\/wp\/v2\/pages\/817\/revisions"}],"predecessor-version":[{"id":823,"href":"https:\/\/javacoffee.rs\/en\/wp-json\/wp\/v2\/pages\/817\/revisions\/823"}],"wp:attachment":[{"href":"https:\/\/javacoffee.rs\/en\/wp-json\/wp\/v2\/media?parent=817"}],"curies":[{"name":"wp","href":"https:\/\/api.w.org\/{rel}","templated":true}]}}